{"id":629,"date":"2026-05-04T17:08:07","date_gmt":"2026-05-04T17:08:07","guid":{"rendered":"https:\/\/foreignerinchile.com\/?page_id=629"},"modified":"2026-05-05T00:39:17","modified_gmt":"2026-05-05T00:39:17","slug":"permisos-de-trabajo","status":"publish","type":"page","link":"https:\/\/foreignerinchile.com\/?page_id=629","title":{"rendered":"Permisos de Trabajo"},"content":{"rendered":"\n<p>Permiso de Trabajo Temporal 90 d\u00edas<\/p>\n\n\n\n<p><strong>Permanencia Transitoria, Visa de Turismo o Negocios<\/strong><\/p>\n\n\n\n<p>La Permanencia Transitoria es el permiso otorgado a personas extranjeras que ingresan al pa\u00eds por turismo, negocios u otros motivos, por un tiempo limitado,&nbsp;sin intenciones de residir ni establecerse.&nbsp;<\/p>\n\n\n\n<p>El permiso autoriza a permanecer 90 d\u00edas en el pa\u00eds, plazo que se puede prorrogar por 90 d\u00edas m\u00e1s una \u00fanica vez.&nbsp;<\/p>\n\n\n\n<p>__________________________________________<\/p>\n\n\n\n<p><strong>Permiso de Trabajo Temporal para Permanencia Transitoria, Turismo o Negocios<\/strong><\/p>\n\n\n\n<p>Permiso dise\u00f1ado para extranjeros que deben venir a Chile para realizar labores de corto plazo como profesionales o t\u00e9cnicos expertos, la tramitaci\u00f3n de este permiso, autoriza a trabajar por un plazo m\u00e1ximo de 90 d\u00edas, con posibilidad de ser extendido hasta 180 d\u00edas.<\/p>\n\n\n\n<p>__________________________________________<\/p>\n\n\n\n<p>&nbsp;<strong>Pr\u00f3rroga de Permanencia Transitoria o Turismo<\/strong><\/p>\n\n\n\n<p>Ampliaci\u00f3n del periodo de permanencia transitoria o turismo por 90 d\u00edas adicionales.<\/p>\n","protected":false},"excerpt":{"rendered":"<p>Permiso de Trabajo Temporal 90 d\u00edas Permanencia Transitoria, Visa de Turismo o Negocios La Permanencia Transitoria es el permiso otorgado a personas extranjeras que ingresan al pa\u00eds por turismo, negocios u otros motivos, por un tiempo limitado,&nbsp;sin intenciones de residir ni establecerse.&nbsp; El permiso autoriza a permanecer 90 d\u00edas en el pa\u00eds, plazo que se [&hellip;]<\/p>\n","protected":false},"author":1,"featured_media":0,"parent":0,"menu_order":0,"comment_status":"closed","ping_status":"closed","template":"","meta":{"footnotes":""},"class_list":["post-629","page","type-page","status-publish","hentry"],"blocksy_meta":[],"_links":{"self":[{"href":"https:\/\/foreignerinchile.com\/index.php?rest_route=\/wp\/v2\/pages\/629","targetHints":{"allow":["GET"]}}],"collection":[{"href":"https:\/\/foreignerinchile.com\/index.php?rest_route=\/wp\/v2\/pages"}],"about":[{"href":"https:\/\/foreignerinchile.com\/index.php?rest_route=\/wp\/v2\/types\/page"}],"author":[{"embeddable":true,"href":"https:\/\/foreignerinchile.com\/index.php?rest_route=\/wp\/v2\/users\/1"}],"replies":[{"embeddable":true,"href":"https:\/\/foreignerinchile.com\/index.php?rest_route=%2Fwp%2Fv2%2Fcomments&post=629"}],"version-history":[{"count":3,"href":"https:\/\/foreignerinchile.com\/index.php?rest_route=\/wp\/v2\/pages\/629\/revisions"}],"predecessor-version":[{"id":765,"href":"https:\/\/foreignerinchile.com\/index.php?rest_route=\/wp\/v2\/pages\/629\/revisions\/765"}],"wp:attachment":[{"href":"https:\/\/foreignerinchile.com\/index.php?rest_route=%2Fwp%2Fv2%2Fmedia&parent=629"}],"curies":[{"name":"wp","href":"https:\/\/api.w.org\/{rel}","templated":true}]}}