{"id":631,"date":"2026-05-04T17:08:35","date_gmt":"2026-05-04T17:08:35","guid":{"rendered":"https:\/\/foreignerinchile.com\/?page_id=631"},"modified":"2026-05-05T01:19:50","modified_gmt":"2026-05-05T01:19:50","slug":"visas-residencia","status":"publish","type":"page","link":"https:\/\/foreignerinchile.com\/?page_id=631","title":{"rendered":"Visas"},"content":{"rendered":"\n<p><\/p>\n\n\n\n<p><strong>Visas Consulares de Turismo o Negocios<\/strong><\/p>\n\n\n\n<p><strong>Permanencia Transitoria o Visa de Turismo<\/strong><\/p>\n\n\n\n<p>La Permanencia Transitoria es el permiso otorgado a personas extranjeras que ingresan al pa\u00eds por turismo, negocios u otros motivos, por un tiempo limitado,&nbsp;sin intenciones de residir ni establecerse.&nbsp;<\/p>\n\n\n\n<p>Hay casos en que procede exigir a&nbsp;<strong>personas nacionales de determinados pa\u00edses<\/strong>&nbsp;una&nbsp;autorizaci\u00f3n previa&nbsp;otorgada por un consulado chileno en el exterior.<\/p>\n\n\n\n<p>Te asesoramos para obtener tu visa de Negocios o Turismo para venir a Chile<\/p>\n\n\n\n<p>El permiso autoriza a permanecer 90 d\u00edas en el pa\u00eds, plazo que se puede prorrogar por 90 d\u00edas m\u00e1s una \u00fanica vez.&nbsp;<\/p>\n\n\n\n<p>__________________________________________<\/p>\n\n\n\n<p><strong>Visa de Residencia Temporal<\/strong><\/p>\n\n\n\n<p>La Residencia Temporal es el permiso otorgado por el Servicio Nacional de Migraciones de Chile a las personas extranjeras que tengan el&nbsp;prop\u00f3sito de establecerse en Chile por un tiempo limitado, cuya vigencia ser\u00e1 hasta de 2 a\u00f1os.&nbsp;<\/p>\n\n\n\n<p>__________________________________________<\/p>\n\n\n\n<p><strong>&nbsp;Visa de Residencia Temporal desde el Exterior<\/strong><\/p>\n\n\n\n<p>Podr\u00e1n solicitar este permiso aquellas personas extranjeras que desean establecerse en el pa\u00eds por un tiempo limitado, a fin de desarrollar actividades l\u00edcitas remuneradas&nbsp;bajo v\u00ednculo de subordinaci\u00f3n o dependencia&nbsp;con un empleador que tenga domicilio o sucursal en Chile. Este permiso tiene una vigencia de&nbsp;hasta dos a\u00f1os.<\/p>\n\n\n\n<p>Dentro de esta categor\u00eda tambi\u00e9n se incluyen los dependientes del titular.<\/p>\n\n\n\n<p>__________________________________________<\/p>\n\n\n\n<p><strong>&nbsp;Visa de Residencia Temporal Mercosur desde el Exterior<\/strong><\/p>\n\n\n\n<p>Podr\u00e1n solicitar este permiso aquellas personas extranjeras que desean establecerse en el pa\u00eds por un tiempo limitado. Este permiso tiene una vigencia de&nbsp;hasta dos a\u00f1os.<\/p>\n\n\n\n<p>Dentro de esta categor\u00eda tambi\u00e9n se incluyen los dependientes del titular.<\/p>\n\n\n\n<p>__________________________________________<\/p>\n\n\n\n<p><strong>&nbsp;Pr\u00f3rroga de Visa de Residencia Temporal desde Chile<\/strong><\/p>\n\n\n\n<p>Pr\u00f3rroga de la Residencia \/ Visado del titular y sus dependientes por hasta 2 a\u00f1os m\u00e1s.<\/p>\n\n\n\n<p>__________________________________________<\/p>\n\n\n\n<p><strong>Residencia Permanente<\/strong><\/p>\n\n\n\n<p>La Residencia Permanente es el permiso otorgado por el Servicio Nacional de Migraciones a las personas extranjeras que tengan Residencia Temporal vigente, para&nbsp;residir indefinidamente&nbsp;y desarrollar cualquier actividad l\u00edcita en el pa\u00eds.&nbsp;<\/p>\n\n\n\n<p>&nbsp;Los poseedores de Residencia Temporal podr\u00e1n postular a la Residencia Definitiva, s\u00f3lo en aquellos casos en que la subcategor\u00eda migratoria de la cual son titulares as\u00ed lo admita.&nbsp;<\/p>\n","protected":false},"excerpt":{"rendered":"<p>Visas Consulares de Turismo o Negocios Permanencia Transitoria o Visa de Turismo La Permanencia Transitoria es el permiso otorgado a personas extranjeras que ingresan al pa\u00eds por turismo, negocios u otros motivos, por un tiempo limitado,&nbsp;sin intenciones de residir ni establecerse.&nbsp; Hay casos en que procede exigir a&nbsp;personas nacionales de determinados pa\u00edses&nbsp;una&nbsp;autorizaci\u00f3n previa&nbsp;otorgada por un [&hellip;]<\/p>\n","protected":false},"author":1,"featured_media":0,"parent":0,"menu_order":0,"comment_status":"closed","ping_status":"closed","template":"","meta":{"footnotes":""},"class_list":["post-631","page","type-page","status-publish","hentry"],"blocksy_meta":[],"_links":{"self":[{"href":"https:\/\/foreignerinchile.com\/index.php?rest_route=\/wp\/v2\/pages\/631","targetHints":{"allow":["GET"]}}],"collection":[{"href":"https:\/\/foreignerinchile.com\/index.php?rest_route=\/wp\/v2\/pages"}],"about":[{"href":"https:\/\/foreignerinchile.com\/index.php?rest_route=\/wp\/v2\/types\/page"}],"author":[{"embeddable":true,"href":"https:\/\/foreignerinchile.com\/index.php?rest_route=\/wp\/v2\/users\/1"}],"replies":[{"embeddable":true,"href":"https:\/\/foreignerinchile.com\/index.php?rest_route=%2Fwp%2Fv2%2Fcomments&post=631"}],"version-history":[{"count":3,"href":"https:\/\/foreignerinchile.com\/index.php?rest_route=\/wp\/v2\/pages\/631\/revisions"}],"predecessor-version":[{"id":767,"href":"https:\/\/foreignerinchile.com\/index.php?rest_route=\/wp\/v2\/pages\/631\/revisions\/767"}],"wp:attachment":[{"href":"https:\/\/foreignerinchile.com\/index.php?rest_route=%2Fwp%2Fv2%2Fmedia&parent=631"}],"curies":[{"name":"wp","href":"https:\/\/api.w.org\/{rel}","templated":true}]}}