{"id":648,"date":"2026-05-04T17:50:18","date_gmt":"2026-05-04T17:50:18","guid":{"rendered":"https:\/\/foreignerinchile.com\/?page_id=648"},"modified":"2026-05-05T12:47:04","modified_gmt":"2026-05-05T12:47:04","slug":"vistos","status":"publish","type":"page","link":"https:\/\/foreignerinchile.com\/?page_id=648&lang=pt","title":{"rendered":"Vistos"},"content":{"rendered":"\n<div style=\"height:100px\" aria-hidden=\"true\" class=\"wp-block-spacer\"><\/div>\n\n\n\n<p><strong>Vistos Consulares para Turismo ou Neg\u00f3cios<\/strong><\/p>\n\n\n\n<p><strong>Visto de Estadia Tempor\u00e1ria ou Turista<\/strong><\/p>\n\n\n\n<p>O Visto de Estadia Tempor\u00e1ria \u00e9 a autoriza\u00e7\u00e3o concedida a estrangeiros que entram no pa\u00eds para fins tur\u00edsticos, comerciais ou outros, por um per\u00edodo limitado, sem a inten\u00e7\u00e3o de residir ou estabelecer-se no pa\u00eds.<\/p>\n\n\n\n<p>Em alguns casos, cidad\u00e3os de certos pa\u00edses podem precisar obter autoriza\u00e7\u00e3o pr\u00e9via de um consulado chileno no exterior.<\/p>\n\n\n\n<p>Podemos orient\u00e1-lo(a) na obten\u00e7\u00e3o do seu Visto de Neg\u00f3cios ou Turista para vir ao Chile.<\/p>\n\n\n\n<p>Esta autoriza\u00e7\u00e3o permite uma estadia de 90 dias no pa\u00eds, que pode ser prorrogada uma vez por mais 90 dias.<\/p>\n\n\n\n<hr class=\"wp-block-separator has-alpha-channel-opacity\"\/>\n\n\n\n<p><strong>Visto de Resid\u00eancia Tempor\u00e1ria<\/strong><\/p>\n\n\n\n<p>O Visto de Resid\u00eancia Tempor\u00e1ria \u00e9 a autoriza\u00e7\u00e3o concedida pelo Servi\u00e7o Nacional de Imigra\u00e7\u00e3o do Chile a estrangeiros que pretendem estabelecer-se no Chile por um per\u00edodo limitado, v\u00e1lido por at\u00e9 2 anos.<\/p>\n\n\n\n<hr class=\"wp-block-separator has-alpha-channel-opacity\"\/>\n\n\n\n<p><strong>Visto de Resid\u00eancia Tempor\u00e1ria para Estrangeiros<\/strong><\/p>\n\n\n\n<p>Cidad\u00e3os estrangeiros que desejam residir no Chile por um per\u00edodo limitado para exercer trabalho remunerado e legal, em regime de subordina\u00e7\u00e3o ou depend\u00eancia, com um empregador domiciliado no Chile ou com filial no pa\u00eds, podem solicitar esta autoriza\u00e7\u00e3o. Esta autoriza\u00e7\u00e3o \u00e9 v\u00e1lida por at\u00e9 dois anos.<\/p>\n\n\n\n<p>Os dependentes do titular tamb\u00e9m est\u00e3o inclu\u00eddos nesta categoria.<\/p>\n\n\n\n<hr class=\"wp-block-separator has-alpha-channel-opacity\"\/>\n\n\n\n<p><strong>Visto de Resid\u00eancia Tempor\u00e1ria para Estrangeiros (Mercosul)<\/strong><\/p>\n\n\n\n<p>Cidad\u00e3os estrangeiros que desejam residir no Chile por um per\u00edodo limitado podem solicitar esta autoriza\u00e7\u00e3o. Esta autoriza\u00e7\u00e3o \u00e9 v\u00e1lida por at\u00e9 dois anos.<\/p>\n\n\n\n<p>Os dependentes do titular tamb\u00e9m est\u00e3o inclu\u00eddos nesta categoria.<\/p>\n\n\n\n<hr class=\"wp-block-separator has-alpha-channel-opacity\"\/>\n\n\n\n<p><strong>Prorroga\u00e7\u00e3o de Visto de Resid\u00eancia Tempor\u00e1ria para Estrangeiros<\/strong><\/p>\n\n\n\n<p>Prorroga\u00e7\u00e3o do visto de resid\u00eancia do titular e seus dependentes por at\u00e9 dois anos adicionais.<\/p>\n\n\n\n<hr class=\"wp-block-separator has-alpha-channel-opacity\"\/>\n\n\n\n<p><strong>Resid\u00eancia Permanente<\/strong><\/p>\n\n\n\n<p>A Resid\u00eancia Permanente \u00e9 a autoriza\u00e7\u00e3o concedida pelo Servi\u00e7o Nacional de Migra\u00e7\u00e3o a estrangeiros com Resid\u00eancia Tempor\u00e1ria v\u00e1lida, permitindo-lhes residir indefinidamente e exercer qualquer atividade legal no pa\u00eds.<\/p>\n\n\n\n<p>Os titulares de Resid\u00eancia Tempor\u00e1ria podem solicitar a Resid\u00eancia Permanente somente nos casos em que sua subcategoria de imigra\u00e7\u00e3o o permita.<\/p>\n","protected":false},"excerpt":{"rendered":"<p>Vistos Consulares para Turismo ou Neg\u00f3cios Visto de Estadia Tempor\u00e1ria ou Turista O Visto de Estadia Tempor\u00e1ria \u00e9 a autoriza\u00e7\u00e3o concedida a estrangeiros que entram no pa\u00eds para fins tur\u00edsticos, comerciais ou outros, por um per\u00edodo limitado, sem a inten\u00e7\u00e3o de residir ou estabelecer-se no pa\u00eds. Em alguns casos, cidad\u00e3os de certos pa\u00edses podem precisar [&hellip;]<\/p>\n","protected":false},"author":1,"featured_media":0,"parent":0,"menu_order":0,"comment_status":"closed","ping_status":"closed","template":"","meta":{"footnotes":""},"class_list":["post-648","page","type-page","status-publish","hentry"],"blocksy_meta":[],"_links":{"self":[{"href":"https:\/\/foreignerinchile.com\/index.php?rest_route=\/wp\/v2\/pages\/648","targetHints":{"allow":["GET"]}}],"collection":[{"href":"https:\/\/foreignerinchile.com\/index.php?rest_route=\/wp\/v2\/pages"}],"about":[{"href":"https:\/\/foreignerinchile.com\/index.php?rest_route=\/wp\/v2\/types\/page"}],"author":[{"embeddable":true,"href":"https:\/\/foreignerinchile.com\/index.php?rest_route=\/wp\/v2\/users\/1"}],"replies":[{"embeddable":true,"href":"https:\/\/foreignerinchile.com\/index.php?rest_route=%2Fwp%2Fv2%2Fcomments&post=648"}],"version-history":[{"count":4,"href":"https:\/\/foreignerinchile.com\/index.php?rest_route=\/wp\/v2\/pages\/648\/revisions"}],"predecessor-version":[{"id":834,"href":"https:\/\/foreignerinchile.com\/index.php?rest_route=\/wp\/v2\/pages\/648\/revisions\/834"}],"wp:attachment":[{"href":"https:\/\/foreignerinchile.com\/index.php?rest_route=%2Fwp%2Fv2%2Fmedia&parent=648"}],"curies":[{"name":"wp","href":"https:\/\/api.w.org\/{rel}","templated":true}]}}