{"id":654,"date":"2026-05-04T17:52:55","date_gmt":"2026-05-04T17:52:55","guid":{"rendered":"https:\/\/foreignerinchile.com\/?page_id=654"},"modified":"2026-05-05T00:57:28","modified_gmt":"2026-05-05T00:57:28","slug":"inicio-2","status":"publish","type":"page","link":"https:\/\/foreignerinchile.com\/?page_id=654&lang=pt","title":{"rendered":"In\u00edcio"},"content":{"rendered":"\n<p class=\"has-text-align-center\">Autoriza\u00e7\u00f5es de trabalho tempor\u00e1rio \u2013 Vistos consulares de neg\u00f3cios \u2013 Vistos de resid\u00eancia tempor\u00e1ria \u2013 Resid\u00eancia permanente \u2013 RUT provis\u00f3rio (n\u00famero de identifica\u00e7\u00e3o fiscal chileno) \u2013 RUN (n\u00famero de identifica\u00e7\u00e3o nacional chileno) \u2013 Valida\u00e7\u00f5es eletr\u00f4nicas de documentos \u2013 Apostila de Haia \u2013 Legaliza\u00e7\u00f5es \u2013 Tradu\u00e7\u00f5es \u2013 Autentica\u00e7\u00f5es<\/p>\n\n\n\n<figure class=\"wp-block-image alignfull size-large\"><img loading=\"lazy\" decoding=\"async\" width=\"1024\" height=\"541\" src=\"http:\/\/foreignerinchile.com\/wp-content\/uploads\/2026\/05\/Imagen-WEb-oficina-1024x541.png\" alt=\"\" class=\"wp-image-727\" srcset=\"https:\/\/foreignerinchile.com\/wp-content\/uploads\/2026\/05\/Imagen-WEb-oficina-1024x541.png 1024w, https:\/\/foreignerinchile.com\/wp-content\/uploads\/2026\/05\/Imagen-WEb-oficina-300x159.png 300w, https:\/\/foreignerinchile.com\/wp-content\/uploads\/2026\/05\/Imagen-WEb-oficina-768x406.png 768w, https:\/\/foreignerinchile.com\/wp-content\/uploads\/2026\/05\/Imagen-WEb-oficina.png 1536w\" sizes=\"auto, (max-width: 1024px) 100vw, 1024px\" \/><\/figure>\n","protected":false},"excerpt":{"rendered":"<p>Autoriza\u00e7\u00f5es de trabalho tempor\u00e1rio \u2013 Vistos consulares de neg\u00f3cios \u2013 Vistos de resid\u00eancia tempor\u00e1ria \u2013 Resid\u00eancia permanente \u2013 RUT provis\u00f3rio (n\u00famero de identifica\u00e7\u00e3o fiscal chileno) \u2013 RUN (n\u00famero de identifica\u00e7\u00e3o nacional chileno) \u2013 Valida\u00e7\u00f5es eletr\u00f4nicas de documentos \u2013 Apostila de Haia \u2013 Legaliza\u00e7\u00f5es \u2013 Tradu\u00e7\u00f5es \u2013 Autentica\u00e7\u00f5es<\/p>\n","protected":false},"author":1,"featured_media":0,"parent":0,"menu_order":0,"comment_status":"closed","ping_status":"closed","template":"","meta":{"footnotes":""},"class_list":["post-654","page","type-page","status-publish","hentry"],"blocksy_meta":[],"_links":{"self":[{"href":"https:\/\/foreignerinchile.com\/index.php?rest_route=\/wp\/v2\/pages\/654","targetHints":{"allow":["GET"]}}],"collection":[{"href":"https:\/\/foreignerinchile.com\/index.php?rest_route=\/wp\/v2\/pages"}],"about":[{"href":"https:\/\/foreignerinchile.com\/index.php?rest_route=\/wp\/v2\/types\/page"}],"author":[{"embeddable":true,"href":"https:\/\/foreignerinchile.com\/index.php?rest_route=\/wp\/v2\/users\/1"}],"replies":[{"embeddable":true,"href":"https:\/\/foreignerinchile.com\/index.php?rest_route=%2Fwp%2Fv2%2Fcomments&post=654"}],"version-history":[{"count":3,"href":"https:\/\/foreignerinchile.com\/index.php?rest_route=\/wp\/v2\/pages\/654\/revisions"}],"predecessor-version":[{"id":775,"href":"https:\/\/foreignerinchile.com\/index.php?rest_route=\/wp\/v2\/pages\/654\/revisions\/775"}],"wp:attachment":[{"href":"https:\/\/foreignerinchile.com\/index.php?rest_route=%2Fwp%2Fv2%2Fmedia&parent=654"}],"curies":[{"name":"wp","href":"https:\/\/api.w.org\/{rel}","templated":true}]}}