{"id":658,"date":"2026-05-04T17:54:02","date_gmt":"2026-05-04T17:54:02","guid":{"rendered":"https:\/\/foreignerinchile.com\/?page_id=658"},"modified":"2026-05-05T12:29:19","modified_gmt":"2026-05-05T12:29:19","slug":"autorizacoes-de-trabalho","status":"publish","type":"page","link":"https:\/\/foreignerinchile.com\/?page_id=658&lang=pt","title":{"rendered":"Autoriza\u00e7\u00f5es de trabalho"},"content":{"rendered":"\n<div style=\"height:100px\" aria-hidden=\"true\" class=\"wp-block-spacer\"><\/div>\n\n\n\n<p><strong>Permiss\u00e3o de Trabalho Tempor\u00e1rio (90 dias)<\/strong><\/p>\n\n\n\n<p><strong>Visto de Estadia Tempor\u00e1ria, Tur\u00edstico ou de Neg\u00f3cios<\/strong><\/p>\n\n\n\n<p>A Permiss\u00e3o de Estadia Tempor\u00e1ria \u00e9 concedida a estrangeiros que entram no pa\u00eds para fins de turismo, neg\u00f3cios ou outros, por um per\u00edodo limitado, sem a inten\u00e7\u00e3o de residir ou se estabelecer permanentemente.<\/p>\n\n\n\n<p>Esta permiss\u00e3o autoriza uma estadia de 90 dias no pa\u00eds, que pode ser prorrogada uma vez por mais 90 dias.<\/p>\n\n\n\n<hr class=\"wp-block-separator has-alpha-channel-opacity\"\/>\n\n\n\n<p><strong>Permiss\u00e3o de Trabalho Tempor\u00e1rio para Estadia Tempor\u00e1ria, Turismo ou Neg\u00f3cios<\/strong><\/p>\n\n\n\n<p>Esta permiss\u00e3o destina-se a estrangeiros que precisam vir ao Chile para realizar trabalho tempor\u00e1rio como profissionais ou t\u00e9cnicos qualificados. Esta permiss\u00e3o autoriza o trabalho por um m\u00e1ximo de 90 dias, com possibilidade de prorroga\u00e7\u00e3o at\u00e9 180 dias.<\/p>\n\n\n\n<hr class=\"wp-block-separator has-alpha-channel-opacity\"\/>\n\n\n\n<p><strong>Prorroga\u00e7\u00e3o da Permiss\u00e3o de Estadia Tempor\u00e1ria ou Tur\u00edstica<\/strong><\/p>\n\n\n\n<p>Prorroga\u00e7\u00e3o do per\u00edodo de estadia tempor\u00e1ria ou tur\u00edstica por mais 90 dias.<\/p>\n","protected":false},"excerpt":{"rendered":"<p>Permiss\u00e3o de Trabalho Tempor\u00e1rio (90 dias) Visto de Estadia Tempor\u00e1ria, Tur\u00edstico ou de Neg\u00f3cios A Permiss\u00e3o de Estadia Tempor\u00e1ria \u00e9 concedida a estrangeiros que entram no pa\u00eds para fins de turismo, neg\u00f3cios ou outros, por um per\u00edodo limitado, sem a inten\u00e7\u00e3o de residir ou se estabelecer permanentemente. Esta permiss\u00e3o autoriza uma estadia de 90 dias [&hellip;]<\/p>\n","protected":false},"author":1,"featured_media":0,"parent":0,"menu_order":0,"comment_status":"closed","ping_status":"closed","template":"","meta":{"footnotes":""},"class_list":["post-658","page","type-page","status-publish","hentry"],"blocksy_meta":[],"_links":{"self":[{"href":"https:\/\/foreignerinchile.com\/index.php?rest_route=\/wp\/v2\/pages\/658","targetHints":{"allow":["GET"]}}],"collection":[{"href":"https:\/\/foreignerinchile.com\/index.php?rest_route=\/wp\/v2\/pages"}],"about":[{"href":"https:\/\/foreignerinchile.com\/index.php?rest_route=\/wp\/v2\/types\/page"}],"author":[{"embeddable":true,"href":"https:\/\/foreignerinchile.com\/index.php?rest_route=\/wp\/v2\/users\/1"}],"replies":[{"embeddable":true,"href":"https:\/\/foreignerinchile.com\/index.php?rest_route=%2Fwp%2Fv2%2Fcomments&post=658"}],"version-history":[{"count":5,"href":"https:\/\/foreignerinchile.com\/index.php?rest_route=\/wp\/v2\/pages\/658\/revisions"}],"predecessor-version":[{"id":827,"href":"https:\/\/foreignerinchile.com\/index.php?rest_route=\/wp\/v2\/pages\/658\/revisions\/827"}],"wp:attachment":[{"href":"https:\/\/foreignerinchile.com\/index.php?rest_route=%2Fwp%2Fv2%2Fmedia&parent=658"}],"curies":[{"name":"wp","href":"https:\/\/api.w.org\/{rel}","templated":true}]}}