{"id":662,"date":"2026-05-04T17:55:52","date_gmt":"2026-05-04T17:55:52","guid":{"rendered":"https:\/\/foreignerinchile.com\/?page_id=662"},"modified":"2026-05-05T12:46:24","modified_gmt":"2026-05-05T12:46:24","slug":"servicos-corporativos","status":"publish","type":"page","link":"https:\/\/foreignerinchile.com\/?page_id=662&lang=pt","title":{"rendered":"Servi\u00e7os Corporativos"},"content":{"rendered":"\n<div style=\"height:100px\" aria-hidden=\"true\" class=\"wp-block-spacer\"><\/div>\n\n\n\n<p>Auditorias de Imigra\u00e7\u00e3o para Empresas<\/p>\n\n\n\n<p>Obten\u00e7\u00e3o de um RUT (N\u00famero de Identifica\u00e7\u00e3o Fiscal) Tempor\u00e1rio<\/p>\n\n\n\n<p>Obten\u00e7\u00e3o de um N\u00famero de Identifica\u00e7\u00e3o Nacional (RUN)<\/p>\n\n\n\n<p>Valida\u00e7\u00e3o Eletr\u00f4nica de Documentos<\/p>\n\n\n\n<p>Apostila de Haia<\/p>\n\n\n\n<p>Legaliza\u00e7\u00f5es<\/p>\n\n\n\n<p>Autentica\u00e7\u00e3o Notarial<\/p>\n\n\n\n<p>Tradu\u00e7\u00f5es<\/p>\n","protected":false},"excerpt":{"rendered":"<p>Auditorias de Imigra\u00e7\u00e3o para Empresas Obten\u00e7\u00e3o de um RUT (N\u00famero de Identifica\u00e7\u00e3o Fiscal) Tempor\u00e1rio Obten\u00e7\u00e3o de um N\u00famero de Identifica\u00e7\u00e3o Nacional (RUN) Valida\u00e7\u00e3o Eletr\u00f4nica de Documentos Apostila de Haia Legaliza\u00e7\u00f5es Autentica\u00e7\u00e3o Notarial Tradu\u00e7\u00f5es<\/p>\n","protected":false},"author":1,"featured_media":0,"parent":0,"menu_order":0,"comment_status":"closed","ping_status":"closed","template":"","meta":{"footnotes":""},"class_list":["post-662","page","type-page","status-publish","hentry"],"blocksy_meta":[],"_links":{"self":[{"href":"https:\/\/foreignerinchile.com\/index.php?rest_route=\/wp\/v2\/pages\/662","targetHints":{"allow":["GET"]}}],"collection":[{"href":"https:\/\/foreignerinchile.com\/index.php?rest_route=\/wp\/v2\/pages"}],"about":[{"href":"https:\/\/foreignerinchile.com\/index.php?rest_route=\/wp\/v2\/types\/page"}],"author":[{"embeddable":true,"href":"https:\/\/foreignerinchile.com\/index.php?rest_route=\/wp\/v2\/users\/1"}],"replies":[{"embeddable":true,"href":"https:\/\/foreignerinchile.com\/index.php?rest_route=%2Fwp%2Fv2%2Fcomments&post=662"}],"version-history":[{"count":3,"href":"https:\/\/foreignerinchile.com\/index.php?rest_route=\/wp\/v2\/pages\/662\/revisions"}],"predecessor-version":[{"id":832,"href":"https:\/\/foreignerinchile.com\/index.php?rest_route=\/wp\/v2\/pages\/662\/revisions\/832"}],"wp:attachment":[{"href":"https:\/\/foreignerinchile.com\/index.php?rest_route=%2Fwp%2Fv2%2Fmedia&parent=662"}],"curies":[{"name":"wp","href":"https:\/\/api.w.org\/{rel}","templated":true}]}}